{"id":296,"date":"2019-09-05T13:10:17","date_gmt":"2019-09-05T13:10:17","guid":{"rendered":"https:\/\/turbobit.me\/?page_id=296"},"modified":"2019-09-05T13:35:11","modified_gmt":"2019-09-05T13:35:11","slug":"datenschutz","status":"publish","type":"page","link":"https:\/\/turbobit.me\/es\/datenschutz\/","title":{"rendered":"Protecci\u00f3n De Datos"},"content":{"rendered":"<p style=\"margin: 0px 0px 15px; padding: 0px; border: 0px; font-size: 14px; vertical-align: baseline; line-height: 1.71429; color: #444444; font-family: Ubuntu, Helvetica, Arial, sans-serif;\"><strong style=\"margin: 0px; padding: 0px; border: 0px; vertical-align: baseline;\">Protecci\u00f3n De Datos<\/strong><\/p>\n<p style=\"margin: 0px 0px 15px; padding: 0px; border: 0px; font-size: 14px; vertical-align: baseline; line-height: 1.71429; color: #444444; font-family: Ubuntu, Helvetica, Arial, sans-serif;\">Los operadores de estas p\u00e1ginas se toman muy en serio la protecci\u00f3n de sus datos personales. Tratamos sus datos personales de forma confidencial y de acuerdo con las disposiciones legales de protecci\u00f3n de datos, as\u00ed como con la presente explicaci\u00f3n sobre la protecci\u00f3n de datos.<\/p>\n<p style=\"margin: 0px 0px 15px; padding: 0px; border: 0px; font-size: 14px; vertical-align: baseline; line-height: 1.71429; color: #444444; font-family: Ubuntu, Helvetica, Arial, sans-serif;\">Por regla general, nuestro sitio web puede ser utilizado sin proporcionar datos personales. En la medida en que en nuestras p\u00e1ginas se recojan datos personales (p. ej. nombre, direcci\u00f3n o direcci\u00f3n de correo electr\u00f3nico), esto se har\u00e1 siempre de forma voluntaria en la medida de lo posible. Estos datos no ser\u00e1n cedidos a terceros sin su consentimiento expreso.<\/p>\n<p style=\"margin: 0px 0px 15px; padding: 0px; border: 0px; font-size: 14px; vertical-align: baseline; line-height: 1.71429; color: #444444; font-family: Ubuntu, Helvetica, Arial, sans-serif;\">Quisi\u00e9ramos se\u00f1alar que la transmisi\u00f3n de datos en Internet (por ejemplo, la comunicaci\u00f3n por correo electr\u00f3nico) puede estar sujeta a lagunas de seguridad. No es posible una protecci\u00f3n completa de los datos contra el acceso de terceros.<\/p>\n<p style=\"margin: 0px 0px 15px; padding: 0px; border: 0px; font-size: 14px; vertical-align: baseline; line-height: 1.71429; color: #444444; font-family: Ubuntu, Helvetica, Arial, sans-serif;\"><strong style=\"margin: 0px; padding: 0px; border: 0px; vertical-align: baseline;\">Pol\u00edtica de privacidad para el uso de los plugins de Facebook (bot\u00f3n similar)<\/strong><\/p>\n<p style=\"margin: 0px 0px 15px; padding: 0px; border: 0px; font-size: 14px; vertical-align: baseline; line-height: 1.71429; color: #444444; font-family: Ubuntu, Helvetica, Arial, sans-serif;\">En nuestras p\u00e1ginas est\u00e1n integrados los plugins de la red social Facebook, el proveedor Facebook Inc, 1 Hacker Way, Menlo Park, California 94025, USA. Puedes reconocer los plugins de Facebook por el logo de Facebook o por el bot\u00f3n \u00abMe gusta\u00bb de nuestra p\u00e1gina. Una visi\u00f3n general de los plugins de Facebook se puede encontrar aqu\u00ed: <a style=\"margin: 0px; padding: 0px; border: 0px; vertical-align: baseline; outline: 0px; color: #00a1e0; text-decoration-line: none;\" href=\"http:\/\/developers.facebook.com\/docs\/plugins\/\">http:\/\/developers.facebook.com\/docs\/plugins\/<\/a>.<\/p>\n<p style=\"margin: 0px 0px 15px; padding: 0px; border: 0px; font-size: 14px; vertical-align: baseline; line-height: 1.71429; color: #444444; font-family: Ubuntu, Helvetica, Arial, sans-serif;\">Cuando visitas nuestras p\u00e1ginas, el plugin establece una conexi\u00f3n directa entre tu navegador y el servidor de Facebook. Facebook recibe la informaci\u00f3n de que has visitado nuestro sitio con tu direcci\u00f3n IP. Si hace clic en el bot\u00f3n \u00abMe gusta\u00bb de Facebook mientras est\u00e1 conectado a su cuenta de Facebook, puede vincular el contenido de nuestras p\u00e1ginas a su perfil de Facebook. Esto permite a Facebook asociar la visita a nuestras p\u00e1ginas con tu cuenta de usuario. Queremos se\u00f1alar que, como proveedor de las p\u00e1ginas, no tenemos ning\u00fan conocimiento del contenido de los datos transmitidos ni de su uso por parte de Facebook. Puede encontrar m\u00e1s informaci\u00f3n sobre este tema en la pol\u00edtica de privacidad de Facebook en <a style=\"margin: 0px; padding: 0px; border: 0px; vertical-align: baseline; outline: 0px; color: #00a1e0; text-decoration-line: none;\" href=\"http:\/\/de-de.facebook.com\/policy.php\">http:\/\/de-de.facebook.com\/policy.php<\/a>.<\/p>\n<p style=\"margin: 0px 0px 15px; padding: 0px; border: 0px; font-size: 14px; vertical-align: baseline; line-height: 1.71429; color: #444444; font-family: Ubuntu, Helvetica, Arial, sans-serif;\">Si no desea que Facebook pueda asignar visitas a nuestras p\u00e1ginas a su cuenta de usuario de Facebook, cierre la sesi\u00f3n de su cuenta de usuario de Facebook.<\/p>\n<p style=\"margin: 0px 0px 15px; padding: 0px; border: 0px; font-size: 14px; vertical-align: baseline; line-height: 1.71429; color: #444444; font-family: Ubuntu, Helvetica, Arial, sans-serif;\"><strong style=\"margin: 0px; padding: 0px; border: 0px; vertical-align: baseline;\">Pol\u00edtica de privacidad para el uso de Google Analytics<\/strong><\/p>\n<p style=\"margin: 0px 0px 15px; padding: 0px; border: 0px; font-size: 14px; vertical-align: baseline; line-height: 1.71429; color: #444444; font-family: Ubuntu, Helvetica, Arial, sans-serif;\">Este sitio web utiliza funciones del servicio de an\u00e1lisis web Google Analytics. El proveedor es Google Inc. 1600 Amphitheatre Parkway Mountain View, CA 94043, EE.UU. Google Analytics utiliza las llamadas \u00abcookies\u00bb. Estos son archivos de texto que se almacenan en su computadora y permiten un an\u00e1lisis de su uso del sitio web. La informaci\u00f3n generada por la cookie acerca de su uso del sitio web ser\u00e1 generalmente transmitida y almacenada por Google en servidores en los Estados Unidos.<\/p>\n<p style=\"margin: 0px 0px 15px; padding: 0px; border: 0px; font-size: 14px; vertical-align: baseline; line-height: 1.71429; color: #444444; font-family: Ubuntu, Helvetica, Arial, sans-serif;\">Sin embargo, si se activa el anonimato IP en este sitio web, Google reducir\u00e1 de antemano su direcci\u00f3n IP en los estados miembros de la Uni\u00f3n Europea o en otros estados signatarios del Acuerdo sobre el Espacio Econ\u00f3mico Europeo. S\u00f3lo en casos excepcionales se transmitir\u00e1 la direcci\u00f3n IP completa a un servidor de Google en los EE.UU., donde se acortar\u00e1. En nombre del operador de este sitio web, Google utilizar\u00e1 esta informaci\u00f3n para evaluar su uso del sitio web, para compilar informes sobre la actividad del sitio web y para proporcionar otros servicios relacionados con la actividad del sitio web y el uso de Internet al operador del sitio web. La direcci\u00f3n IP transmitida por su navegador como parte de Google Analytics no se combina con otros datos de Google.<\/p>\n<p style=\"margin: 0px 0px 15px; padding: 0px; border: 0px; font-size: 14px; vertical-align: baseline; line-height: 1.71429; color: #444444; font-family: Ubuntu, Helvetica, Arial, sans-serif;\">Usted puede rechazar el uso de cookies mediante la selecci\u00f3n de la configuraci\u00f3n apropiada de su navegador, sin embargo, tenga en cuenta que si lo hace, es posible que no pueda utilizar todas las funciones de este sitio web. Tambi\u00e9n puede impedir que Google recopile los datos generados por la cookie y relacionados con su uso del sitio web (incluida su direcci\u00f3n IP) y que Google procese estos datos descargando e instalando el complemento del navegador disponible en el siguiente enlace: <a style=\"margin: 0px; padding: 0px; border: 0px; vertical-align: baseline; outline: 0px; color: #00a1e0; text-decoration-line: none;\" href=\"http:\/\/tools.google.com\/dlpage\/gaoptout?hl=de\">http:\/\/tools.google.com\/dlpage\/gaoptout?hl=de<\/a><\/p>\n<p style=\"margin: 0px 0px 15px; padding: 0px; border: 0px; font-size: 14px; vertical-align: baseline; line-height: 1.71429; color: #444444; font-family: Ubuntu, Helvetica, Arial, sans-serif;\"><strong style=\"margin: 0px; padding: 0px; border: 0px; vertical-align: baseline;\">Pol\u00edtica de privacidad para el uso de Google +1<\/strong><\/p>\n<p style=\"margin: 0px 0px 15px; padding: 0px; border: 0px; font-size: 14px; vertical-align: baseline; line-height: 1.71429; color: #444444; font-family: Ubuntu, Helvetica, Arial, sans-serif;\">Nuestras p\u00e1ginas utilizan las funciones de Google +1. El proveedor es Google Inc. 1600 Amphitheatre Parkway Mountain View, CA 94043, USA.<\/p>\n<p style=\"margin: 0px 0px 15px; padding: 0px; border: 0px; font-size: 14px; vertical-align: baseline; line-height: 1.71429; color: #444444; font-family: Ubuntu, Helvetica, Arial, sans-serif;\">Recopilaci\u00f3n y difusi\u00f3n de informaci\u00f3n: El bot\u00f3n de Google +1 le permite publicar informaci\u00f3n en todo el mundo, mientras que el bot\u00f3n de Google +1 le ofrece a usted y a otros usuarios contenido personalizado de Google y de nuestros socios. Google almacena tanto la informaci\u00f3n que ha proporcionado +1 para un elemento como la informaci\u00f3n sobre la p\u00e1gina que ha visitado al hacer clic en +1. El +1 puede aparecer como pistas junto con el nombre de tu perfil y tu foto en los servicios de Google, como los resultados de b\u00fasqueda o tu perfil de Google, o en cualquier otro lugar de los sitios web y anuncios de Internet. Google registra informaci\u00f3n sobre su actividad +1 para mejorar los servicios de Google para usted y otros usuarios. Para utilizar el bot\u00f3n Google +1, necesitas un perfil de Google p\u00fablico y visible en todo el mundo que incluya al menos el nombre que elijas para el perfil. Este nombre se utilizar\u00e1 en todos los servicios de Google. En algunos casos, este nombre tambi\u00e9n puede sustituir a otro nombre que haya utilizado al compartir contenido a trav\u00e9s de su cuenta de Google. La identidad de tu perfil de Google puede mostrarse a los usuarios que conozcan tu direcci\u00f3n de correo electr\u00f3nico o que dispongan de otros datos de identificaci\u00f3n sobre ti.<\/p>\n<p style=\"margin: 0px 0px 15px; padding: 0px; border: 0px; font-size: 14px; vertical-align: baseline; line-height: 1.71429; color: #444444; font-family: Ubuntu, Helvetica, Arial, sans-serif;\">Uso de la informaci\u00f3n recopilada: Adem\u00e1s de los usos descritos anteriormente, la informaci\u00f3n que proporcione se utilizar\u00e1 de acuerdo con las pol\u00edticas de privacidad de Google aplicables. Google puede publicar o compartir estad\u00edsticas agregadas sobre la actividad +1 de los usuarios con usuarios y socios, como editores, anunciantes o afiliados.<\/p>\n<p style=\"margin: 0px 0px 15px; padding: 0px; border: 0px; font-size: 14px; vertical-align: baseline; line-height: 1.71429; color: #444444; font-family: Ubuntu, Helvetica, Arial, sans-serif;\"><strong style=\"margin: 0px; padding: 0px; border: 0px; vertical-align: baseline;\">Pol\u00edtica de privacidad para el uso de Twitter<\/strong><\/p>\n<p style=\"margin: 0px 0px 15px; padding: 0px; border: 0px; font-size: 14px; vertical-align: baseline; line-height: 1.71429; color: #444444; font-family: Ubuntu, Helvetica, Arial, sans-serif;\">En nuestras p\u00e1ginas se integran las funciones del servicio Twitter. Estas funciones son ofrecidas por Twitter Inc. 1355 Market Street, Suite 900, San Francisco, CA 94103, USA. Mediante el uso de Twitter y la funci\u00f3n \u00abRe-Tweet\u00bb, los sitios web que visita se enlazan con su cuenta de Twitter y se ponen a disposici\u00f3n de otros usuarios. Los datos tambi\u00e9n se transfieren a Twitter. Queremos se\u00f1alar que, como proveedor de las p\u00e1ginas, no tenemos ning\u00fan conocimiento del contenido de los datos transmitidos ni de su uso por parte de Twitter. Puede encontrar m\u00e1s informaci\u00f3n al respecto en la declaraci\u00f3n de protecci\u00f3n de datos de Twitter en <a style=\"margin: 0px; padding: 0px; border: 0px; vertical-align: baseline; outline: 0px; color: #00a1e0; text-decoration-line: none;\" href=\"http:\/\/twitter.com\/privacy\">http:\/\/twitter.com\/privacy<\/a>.<\/p>\n<p style=\"margin: 0px 0px 15px; padding: 0px; border: 0px; font-size: 14px; vertical-align: baseline; line-height: 1.71429; color: #444444; font-family: Ubuntu, Helvetica, Arial, sans-serif;\">Puedes cambiar la configuraci\u00f3n de privacidad de Twitter en la configuraci\u00f3n de tu cuenta en <a style=\"margin: 0px; padding: 0px; border: 0px; vertical-align: baseline; outline: 0px; color: #00a1e0; text-decoration-line: none;\" href=\"http:\/\/twitter.com\/account\/settings\">http:\/\/twitter.com\/account\/settings<\/a>.<\/p>\n","protected":false},"excerpt":{"rendered":"<p>Protecci\u00f3n De Datos Los operadores de estas p\u00e1ginas se toman muy en serio la protecci\u00f3n de sus datos personales. Tratamos sus datos personales de forma confidencial y de acuerdo con las disposiciones legales de protecci\u00f3n de datos, as\u00ed como con la presente explicaci\u00f3n sobre la protecci\u00f3n de datos. Por regla general, nuestro sitio web puede [&hellip;]<\/p>\n","protected":false},"author":7,"featured_media":0,"parent":0,"menu_order":0,"comment_status":"closed","ping_status":"closed","template":"","meta":[],"yoast_head":"<!-- This site is optimized with the Yoast SEO plugin v18.3 - https:\/\/yoast.com\/wordpress\/plugins\/seo\/ -->\n<title>Protecci\u00f3n De Datos - Turbobit<\/title>\n<meta name=\"robots\" content=\"noindex, nofollow\" \/>\n<meta property=\"og:locale\" content=\"es_ES\" \/>\n<meta property=\"og:type\" content=\"article\" \/>\n<meta property=\"og:title\" content=\"Protecci\u00f3n De Datos - Turbobit\" \/>\n<meta property=\"og:description\" content=\"Protecci\u00f3n De Datos Los operadores de estas p\u00e1ginas se toman muy en serio la protecci\u00f3n de sus datos personales. Tratamos sus datos personales de forma confidencial y de acuerdo con las disposiciones legales de protecci\u00f3n de datos, as\u00ed como con la presente explicaci\u00f3n sobre la protecci\u00f3n de datos. Por regla general, nuestro sitio web puede [&hellip;]\" \/>\n<meta property=\"og:url\" content=\"https:\/\/turbobit.me\/es\/datenschutz\/\" \/>\n<meta property=\"og:site_name\" content=\"Turbobit\" \/>\n<meta property=\"article:modified_time\" content=\"2019-09-05T13:35:11+00:00\" \/>\n<meta name=\"twitter:card\" content=\"summary\" \/>\n<meta name=\"twitter:label1\" content=\"Tiempo de lectura\" \/>\n\t<meta name=\"twitter:data1\" content=\"6 minutos\" \/>\n<script type=\"application\/ld+json\" class=\"yoast-schema-graph\">{\"@context\":\"https:\/\/schema.org\",\"@graph\":[{\"@type\":\"WebSite\",\"@id\":\"https:\/\/turbobit.me\/#website\",\"url\":\"https:\/\/turbobit.me\/\",\"name\":\"Turbobit\",\"description\":\"\",\"potentialAction\":[{\"@type\":\"SearchAction\",\"target\":{\"@type\":\"EntryPoint\",\"urlTemplate\":\"https:\/\/turbobit.me\/?s={search_term_string}\"},\"query-input\":\"required name=search_term_string\"}],\"inLanguage\":\"es\"},{\"@type\":\"WebPage\",\"@id\":\"https:\/\/turbobit.me\/es\/datenschutz\/#webpage\",\"url\":\"https:\/\/turbobit.me\/es\/datenschutz\/\",\"name\":\"Protecci\u00f3n De Datos - Turbobit\",\"isPartOf\":{\"@id\":\"https:\/\/turbobit.me\/#website\"},\"datePublished\":\"2019-09-05T13:10:17+00:00\",\"dateModified\":\"2019-09-05T13:35:11+00:00\",\"breadcrumb\":{\"@id\":\"https:\/\/turbobit.me\/es\/datenschutz\/#breadcrumb\"},\"inLanguage\":\"es\",\"potentialAction\":[{\"@type\":\"ReadAction\",\"target\":[\"https:\/\/turbobit.me\/es\/datenschutz\/\"]}]},{\"@type\":\"BreadcrumbList\",\"@id\":\"https:\/\/turbobit.me\/es\/datenschutz\/#breadcrumb\",\"itemListElement\":[{\"@type\":\"ListItem\",\"position\":1,\"name\":\"Startseite\",\"item\":\"https:\/\/turbobit.me\/es\/\"},{\"@type\":\"ListItem\",\"position\":2,\"name\":\"Protecci\u00f3n De Datos\"}]}]}<\/script>\n<!-- \/ Yoast SEO plugin. -->","yoast_head_json":{"title":"Protecci\u00f3n De Datos - Turbobit","robots":{"index":"noindex","follow":"nofollow"},"og_locale":"es_ES","og_type":"article","og_title":"Protecci\u00f3n De Datos - Turbobit","og_description":"Protecci\u00f3n De Datos Los operadores de estas p\u00e1ginas se toman muy en serio la protecci\u00f3n de sus datos personales. Tratamos sus datos personales de forma confidencial y de acuerdo con las disposiciones legales de protecci\u00f3n de datos, as\u00ed como con la presente explicaci\u00f3n sobre la protecci\u00f3n de datos. Por regla general, nuestro sitio web puede [&hellip;]","og_url":"https:\/\/turbobit.me\/es\/datenschutz\/","og_site_name":"Turbobit","article_modified_time":"2019-09-05T13:35:11+00:00","twitter_card":"summary","twitter_misc":{"Tiempo de lectura":"6 minutos"},"schema":{"@context":"https:\/\/schema.org","@graph":[{"@type":"WebSite","@id":"https:\/\/turbobit.me\/#website","url":"https:\/\/turbobit.me\/","name":"Turbobit","description":"","potentialAction":[{"@type":"SearchAction","target":{"@type":"EntryPoint","urlTemplate":"https:\/\/turbobit.me\/?s={search_term_string}"},"query-input":"required name=search_term_string"}],"inLanguage":"es"},{"@type":"WebPage","@id":"https:\/\/turbobit.me\/es\/datenschutz\/#webpage","url":"https:\/\/turbobit.me\/es\/datenschutz\/","name":"Protecci\u00f3n De Datos - Turbobit","isPartOf":{"@id":"https:\/\/turbobit.me\/#website"},"datePublished":"2019-09-05T13:10:17+00:00","dateModified":"2019-09-05T13:35:11+00:00","breadcrumb":{"@id":"https:\/\/turbobit.me\/es\/datenschutz\/#breadcrumb"},"inLanguage":"es","potentialAction":[{"@type":"ReadAction","target":["https:\/\/turbobit.me\/es\/datenschutz\/"]}]},{"@type":"BreadcrumbList","@id":"https:\/\/turbobit.me\/es\/datenschutz\/#breadcrumb","itemListElement":[{"@type":"ListItem","position":1,"name":"Startseite","item":"https:\/\/turbobit.me\/es\/"},{"@type":"ListItem","position":2,"name":"Protecci\u00f3n De Datos"}]}]}},"_links":{"self":[{"href":"https:\/\/turbobit.me\/es\/wp-json\/wp\/v2\/pages\/296"}],"collection":[{"href":"https:\/\/turbobit.me\/es\/wp-json\/wp\/v2\/pages"}],"about":[{"href":"https:\/\/turbobit.me\/es\/wp-json\/wp\/v2\/types\/page"}],"author":[{"embeddable":true,"href":"https:\/\/turbobit.me\/es\/wp-json\/wp\/v2\/users\/7"}],"replies":[{"embeddable":true,"href":"https:\/\/turbobit.me\/es\/wp-json\/wp\/v2\/comments?post=296"}],"version-history":[{"count":3,"href":"https:\/\/turbobit.me\/es\/wp-json\/wp\/v2\/pages\/296\/revisions"}],"predecessor-version":[{"id":314,"href":"https:\/\/turbobit.me\/es\/wp-json\/wp\/v2\/pages\/296\/revisions\/314"}],"wp:attachment":[{"href":"https:\/\/turbobit.me\/es\/wp-json\/wp\/v2\/media?parent=296"}],"curies":[{"name":"wp","href":"https:\/\/api.w.org\/{rel}","templated":true}]}}