{"id":290,"date":"2019-09-05T13:08:20","date_gmt":"2019-09-05T13:08:20","guid":{"rendered":"https:\/\/turbobit.me\/?page_id=290"},"modified":"2019-09-05T13:19:36","modified_gmt":"2019-09-05T13:19:36","slug":"datenschutz","status":"publish","type":"page","link":"https:\/\/turbobit.me\/fr\/datenschutz\/","title":{"rendered":"Protection Des Donn\u00e9es"},"content":{"rendered":"<p style=\"margin: 0px 0px 15px; padding: 0px; border: 0px; font-size: 14px; vertical-align: baseline; line-height: 1.71429; color: #444444; font-family: Ubuntu, Helvetica, Arial, sans-serif;\"><strong style=\"margin: 0px; padding: 0px; border: 0px; vertical-align: baseline;\">Protection Des Donn\u00e9es<\/strong><\/p>\n<p style=\"margin: 0px 0px 15px; padding: 0px; border: 0px; font-size: 14px; vertical-align: baseline; line-height: 1.71429; color: #444444; font-family: Ubuntu, Helvetica, Arial, sans-serif;\">Les op\u00e9rateurs de ces pages prennent tr\u00e8s au s\u00e9rieux la protection de vos donn\u00e9es personnelles. Nous traitons vos donn\u00e9es personnelles de mani\u00e8re confidentielle et conform\u00e9ment aux dispositions l\u00e9gales en mati\u00e8re de protection des donn\u00e9es ainsi qu&rsquo;\u00e0 la pr\u00e9sente d\u00e9claration de protection des donn\u00e9es.<\/p>\n<p style=\"margin: 0px 0px 15px; padding: 0px; border: 0px; font-size: 14px; vertical-align: baseline; line-height: 1.71429; color: #444444; font-family: Ubuntu, Helvetica, Arial, sans-serif;\">En r\u00e8gle g\u00e9n\u00e9rale, notre site Web peut \u00eatre utilis\u00e9 sans fournir de donn\u00e9es personnelles. Dans la mesure o\u00f9 des donn\u00e9es personnelles (par ex. nom, adresse ou adresse e-mail) sont collect\u00e9es sur nos pages, cela se fait toujours sur une base volontaire dans la mesure du possible. Ces donn\u00e9es ne seront pas transmises \u00e0 des tiers sans votre consentement explicite.<\/p>\n<p style=\"margin: 0px 0px 15px; padding: 0px; border: 0px; font-size: 14px; vertical-align: baseline; line-height: 1.71429; color: #444444; font-family: Ubuntu, Helvetica, Arial, sans-serif;\">Nous attirons votre attention sur le fait que la transmission de donn\u00e9es sur Internet (p. ex. la communication par e-mail) peut pr\u00e9senter des failles de s\u00e9curit\u00e9. Une protection compl\u00e8te des donn\u00e9es contre l&rsquo;acc\u00e8s par des tiers n&rsquo;est pas possible.<\/p>\n<p style=\"margin: 0px 0px 15px; padding: 0px; border: 0px; font-size: 14px; vertical-align: baseline; line-height: 1.71429; color: #444444; font-family: Ubuntu, Helvetica, Arial, sans-serif;\"><strong style=\"margin: 0px; padding: 0px; border: 0px; vertical-align: baseline;\">Politique de confidentialit\u00e9 pour l&rsquo;utilisation des plugins Facebook (comme bouton)<\/strong><\/p>\n<p style=\"margin: 0px 0px 15px; padding: 0px; border: 0px; font-size: 14px; vertical-align: baseline; line-height: 1.71429; color: #444444; font-family: Ubuntu, Helvetica, Arial, sans-serif;\">Sur nos pages sont des plugins du r\u00e9seau social Facebook, le fournisseur Facebook Inc, 1 Hacker Way, Menlo Park, Californie 94025, USA, int\u00e9gr\u00e9. Vous reconnaissez les plugins Facebook au logo Facebook ou au bouton \u00ab\u00a0J&rsquo;aime\u00a0\u00bb sur notre page. Un aper\u00e7u des plugins Facebook peut \u00eatre trouv\u00e9 ici: <a style=\"margin: 0px; padding: 0px; border: 0px; vertical-align: baseline; outline: 0px; color: #00a1e0; text-decoration-line: none;\" href=\"http:\/\/developers.facebook.com\/docs\/plugins\/\">http:\/\/developers.facebook.com\/docs\/plugins\/<\/a>.<\/p>\n<p style=\"margin: 0px 0px 15px; padding: 0px; border: 0px; font-size: 14px; vertical-align: baseline; line-height: 1.71429; color: #444444; font-family: Ubuntu, Helvetica, Arial, sans-serif;\">Lorsque vous visitez nos pages, le plugin \u00e9tablit une connexion directe entre votre navigateur et le serveur Facebook. Facebook re\u00e7oit l&rsquo;information que vous avez visit\u00e9 notre site avec votre adresse IP. Si vous cliquez sur le bouton Facebook \u00ab\u00a0J&rsquo;aime\u00a0\u00bb lorsque vous \u00eates connect\u00e9 \u00e0 votre compte Facebook, vous pouvez lier le contenu de nos pages \u00e0 votre profil Facebook. Cela permet \u00e0 Facebook d&rsquo;associer la visite de nos pages \u00e0 votre compte utilisateur. Nous attirons votre attention sur le fait qu&rsquo;en tant que fournisseur des pages, nous n&rsquo;avons aucune connaissance du contenu des donn\u00e9es transmises ou de leur utilisation par Facebook. Pour plus d&rsquo;informations \u00e0 ce sujet, consultez la politique de confidentialit\u00e9 de Facebook \u00e0 l&rsquo;adresse suivante <a style=\"margin: 0px; padding: 0px; border: 0px; vertical-align: baseline; outline: 0px; color: #00a1e0; text-decoration-line: none;\" href=\"http:\/\/de-de.facebook.com\/policy.php\">http:\/\/de-de.facebook.com\/policy.php<\/a>.<\/p>\n<p style=\"margin: 0px 0px 15px; padding: 0px; border: 0px; font-size: 14px; vertical-align: baseline; line-height: 1.71429; color: #444444; font-family: Ubuntu, Helvetica, Arial, sans-serif;\">Si vous ne voulez pas que Facebook puisse attribuer des visites \u00e0 nos pages \u00e0 votre compte utilisateur Facebook, veuillez vous d\u00e9connecter de votre compte utilisateur Facebook.<\/p>\n<p style=\"margin: 0px 0px 15px; padding: 0px; border: 0px; font-size: 14px; vertical-align: baseline; line-height: 1.71429; color: #444444; font-family: Ubuntu, Helvetica, Arial, sans-serif;\"><strong style=\"margin: 0px; padding: 0px; border: 0px; vertical-align: baseline;\">R\u00e8gles de confidentialit\u00e9 pour l&rsquo;utilisation de Google Analytics<\/strong><\/p>\n<p style=\"margin: 0px 0px 15px; padding: 0px; border: 0px; font-size: 14px; vertical-align: baseline; line-height: 1.71429; color: #444444; font-family: Ubuntu, Helvetica, Arial, sans-serif;\">Ce site Web utilise les fonctions du service d&rsquo;analyse Web Google Analytics. Le fournisseur est Google Inc. 1600 Amphitheatre Parkway Mountain View, CA 94043, USA. Google Analytics utilise des \u00ab\u00a0cookies\u00a0\u00bb. Il s&rsquo;agit de fichiers texte qui sont stock\u00e9s sur votre ordinateur et qui permettent une analyse de votre utilisation du site Web. Les informations g\u00e9n\u00e9r\u00e9es par les cookies concernant votre utilisation du site Web sont g\u00e9n\u00e9ralement transmises et stock\u00e9es par Google sur des serveurs situ\u00e9s aux \u00c9tats-Unis.<\/p>\n<p style=\"margin: 0px 0px 15px; padding: 0px; border: 0px; font-size: 14px; vertical-align: baseline; line-height: 1.71429; color: #444444; font-family: Ubuntu, Helvetica, Arial, sans-serif;\">Toutefois, si l&rsquo;anonymisation de la propri\u00e9t\u00e9 intellectuelle est activ\u00e9e sur ce site Web, votre adresse IP sera raccourcie par Google au pr\u00e9alable dans les \u00c9tats membres de l&rsquo;Union europ\u00e9enne ou dans les autres \u00c9tats signataires de l&rsquo;accord sur l&rsquo;Espace \u00e9conomique europ\u00e9en. Ce n&rsquo;est que dans des cas exceptionnels que l&rsquo;adresse IP compl\u00e8te sera transmise \u00e0 un serveur Google aux Etats-Unis o\u00f9 elle sera raccourcie. Au nom de l&rsquo;exploitant de ce site Web, Google utilisera ces informations pour \u00e9valuer votre utilisation du site Web, pour \u00e9tablir des rapports sur l&rsquo;activit\u00e9 du site Web et pour fournir d&rsquo;autres services li\u00e9s \u00e0 l&rsquo;activit\u00e9 du site Web et \u00e0 l&rsquo;utilisation d&rsquo;Internet \u00e0 l&rsquo;exploitant du site. L&rsquo;adresse IP transmise par votre navigateur dans le cadre de Google Analytics n&rsquo;est pas combin\u00e9e avec d&rsquo;autres donn\u00e9es de Google.<\/p>\n<p style=\"margin: 0px 0px 15px; padding: 0px; border: 0px; font-size: 14px; vertical-align: baseline; line-height: 1.71429; color: #444444; font-family: Ubuntu, Helvetica, Arial, sans-serif;\">Vous pouvez refuser l&rsquo;utilisation de cookies en s\u00e9lectionnant les param\u00e8tres appropri\u00e9s de votre navigateur, mais veuillez noter que si vous le faites, vous ne pourrez peut-\u00eatre pas utiliser toutes les fonctionnalit\u00e9s de ce site. Vous pouvez \u00e9galement emp\u00eacher Google de collecter les donn\u00e9es g\u00e9n\u00e9r\u00e9es par le cookie et relatives \u00e0 votre utilisation du site (y compris votre adresse IP) et Google de traiter ces donn\u00e9es en t\u00e9l\u00e9chargeant et installant le plug-in de navigateur disponible sous le lien suivant: <a style=\"margin: 0px; padding: 0px; border: 0px; vertical-align: baseline; outline: 0px; color: #00a1e0; text-decoration-line: none;\" href=\"http:\/\/tools.google.com\/dlpage\/gaoptout?hl=de\">http:\/\/tools.google.com\/dlpage\/gaoptout?hl=de<\/a><\/p>\n<p style=\"margin: 0px 0px 15px; padding: 0px; border: 0px; font-size: 14px; vertical-align: baseline; line-height: 1.71429; color: #444444; font-family: Ubuntu, Helvetica, Arial, sans-serif;\"><strong style=\"margin: 0px; padding: 0px; border: 0px; vertical-align: baseline;\">R\u00e8gles de confidentialit\u00e9 pour l&rsquo;utilisation de Google +1<\/strong><\/p>\n<p style=\"margin: 0px 0px 15px; padding: 0px; border: 0px; font-size: 14px; vertical-align: baseline; line-height: 1.71429; color: #444444; font-family: Ubuntu, Helvetica, Arial, sans-serif;\">Nos pages utilisent les fonctions de Google +1, le fournisseur est Google Inc. 1600 Amphitheatre Parkway Mountain View, CA 94043, USA.<\/p>\n<p style=\"margin: 0px 0px 15px; padding: 0px; border: 0px; font-size: 14px; vertical-align: baseline; line-height: 1.71429; color: #444444; font-family: Ubuntu, Helvetica, Arial, sans-serif;\">Collecte et diffusion de l&rsquo;information : Le bouton Google +1 vous permet de publier des informations dans le monde entier, tandis que le bouton Google +1 vous permet, ainsi qu&rsquo;aux autres utilisateurs, d&rsquo;acc\u00e9der \u00e0 des contenus personnalis\u00e9s de Google et de nos partenaires. Google stocke \u00e0 la fois les informations que vous avez fournies +1 pour un \u00e9l\u00e9ment de contenu et les informations sur la page que vous avez consult\u00e9e lorsque vous cliquez sur +1. Votre +1 peut appara\u00eetre comme indice avec le nom et la photo de votre profil dans les services Google, tels que les r\u00e9sultats de recherche ou votre profil Google, ou ailleurs sur les sites Web et les annonces sur Internet. Google enregistre des informations sur votre activit\u00e9 +1 afin d&rsquo;am\u00e9liorer les services Google pour vous et les autres. Pour utiliser le bouton Google +1, vous avez besoin d&rsquo;un profil Google public, visible dans le monde entier, qui inclut au moins le nom que vous choisissez pour le profil. Ce nom sera utilis\u00e9 dans tous les services Google. Dans certains cas, ce nom peut \u00e9galement remplacer un autre nom que vous avez utilis\u00e9 lors du partage de contenu via votre compte Google. L&rsquo;identit\u00e9 de votre profil Google peut s&rsquo;afficher pour les utilisateurs qui connaissent votre adresse e-mail ou disposent d&rsquo;autres informations d&rsquo;identification vous concernant.<\/p>\n<p style=\"margin: 0px 0px 15px; padding: 0px; border: 0px; font-size: 14px; vertical-align: baseline; line-height: 1.71429; color: #444444; font-family: Ubuntu, Helvetica, Arial, sans-serif;\">Utilisation des informations recueillies : Outre les utilisations d\u00e9crites ci-dessus, les informations que vous fournissez seront utilis\u00e9es conform\u00e9ment aux r\u00e8gles de confidentialit\u00e9 de Google applicables. Google peut publier ou partager des statistiques agr\u00e9g\u00e9es sur l&rsquo;activit\u00e9 des utilisateurs +1 avec des utilisateurs et des partenaires, tels que des \u00e9diteurs, des annonceurs ou des affili\u00e9s.<\/p>\n<p style=\"margin: 0px 0px 15px; padding: 0px; border: 0px; font-size: 14px; vertical-align: baseline; line-height: 1.71429; color: #444444; font-family: Ubuntu, Helvetica, Arial, sans-serif;\"><strong style=\"margin: 0px; padding: 0px; border: 0px; vertical-align: baseline;\">Politique de confidentialit\u00e9 pour l&rsquo;utilisation de Twitter<\/strong><\/p>\n<p style=\"margin: 0px 0px 15px; padding: 0px; border: 0px; font-size: 14px; vertical-align: baseline; line-height: 1.71429; color: #444444; font-family: Ubuntu, Helvetica, Arial, sans-serif;\">Sur nos pages, les fonctions du service Twitter sont int\u00e9gr\u00e9es. Ces fonctions sont offertes par Twitter Inc, 1355 Market Street, Suite 900, San Francisco, CA 94103, USA. En utilisant Twitter et la fonction \u00ab\u00a0Re-Tweet\u00a0\u00bb, les sites Web que vous visitez sont li\u00e9s \u00e0 votre compte Twitter et communiqu\u00e9s aux autres utilisateurs. Les donn\u00e9es sont \u00e9galement transf\u00e9r\u00e9es sur Twitter. Nous attirons votre attention sur le fait qu&rsquo;en tant que fournisseur des pages, nous n&rsquo;avons aucune connaissance du contenu des donn\u00e9es transmises ou de leur utilisation par Twitter. Vous trouverez de plus amples informations \u00e0 ce sujet dans la d\u00e9claration sur la protection des donn\u00e9es de Twitter \u00e0 l&rsquo;adresse suivante <a style=\"margin: 0px; padding: 0px; border: 0px; vertical-align: baseline; outline: 0px; color: #00a1e0; text-decoration-line: none;\" href=\"http:\/\/twitter.com\/privacy\">http:\/\/twitter.com\/privacy<\/a>.<\/p>\n<p style=\"margin: 0px 0px 15px; padding: 0px; border: 0px; font-size: 14px; vertical-align: baseline; line-height: 1.71429; color: #444444; font-family: Ubuntu, Helvetica, Arial, sans-serif;\">Vous pouvez modifier vos param\u00e8tres de confidentialit\u00e9 Twitter dans les param\u00e8tres de votre compte sur <a style=\"margin: 0px; padding: 0px; border: 0px; vertical-align: baseline; outline: 0px; color: #00a1e0; text-decoration-line: none;\" href=\"http:\/\/twitter.com\/account\/settings\">http:\/\/twitter.com\/account\/settings<\/a>.<\/p>\n","protected":false},"excerpt":{"rendered":"<p>Protection Des Donn\u00e9es Les op\u00e9rateurs de ces pages prennent tr\u00e8s au s\u00e9rieux la protection de vos donn\u00e9es personnelles. Nous traitons vos donn\u00e9es personnelles de mani\u00e8re confidentielle et conform\u00e9ment aux dispositions l\u00e9gales en mati\u00e8re de protection des donn\u00e9es ainsi qu&rsquo;\u00e0 la pr\u00e9sente d\u00e9claration de protection des donn\u00e9es. En r\u00e8gle g\u00e9n\u00e9rale, notre site Web peut \u00eatre utilis\u00e9 [&hellip;]<\/p>\n","protected":false},"author":7,"featured_media":0,"parent":0,"menu_order":0,"comment_status":"closed","ping_status":"closed","template":"","meta":[],"yoast_head":"<!-- This site is optimized with the Yoast SEO plugin v18.3 - https:\/\/yoast.com\/wordpress\/plugins\/seo\/ -->\n<title>Protection Des Donn\u00e9es - Turbobit<\/title>\n<meta name=\"robots\" content=\"noindex, nofollow\" \/>\n<meta property=\"og:locale\" content=\"fr_FR\" \/>\n<meta property=\"og:type\" content=\"article\" \/>\n<meta property=\"og:title\" content=\"Protection Des Donn\u00e9es - Turbobit\" \/>\n<meta property=\"og:description\" content=\"Protection Des Donn\u00e9es Les op\u00e9rateurs de ces pages prennent tr\u00e8s au s\u00e9rieux la protection de vos donn\u00e9es personnelles. Nous traitons vos donn\u00e9es personnelles de mani\u00e8re confidentielle et conform\u00e9ment aux dispositions l\u00e9gales en mati\u00e8re de protection des donn\u00e9es ainsi qu&rsquo;\u00e0 la pr\u00e9sente d\u00e9claration de protection des donn\u00e9es. En r\u00e8gle g\u00e9n\u00e9rale, notre site Web peut \u00eatre utilis\u00e9 [&hellip;]\" \/>\n<meta property=\"og:url\" content=\"https:\/\/turbobit.me\/fr\/datenschutz\/\" \/>\n<meta property=\"og:site_name\" content=\"Turbobit\" \/>\n<meta property=\"article:modified_time\" content=\"2019-09-05T13:19:36+00:00\" \/>\n<meta name=\"twitter:card\" content=\"summary\" \/>\n<meta name=\"twitter:label1\" content=\"Dur\u00e9e de lecture estim\u00e9e\" \/>\n\t<meta name=\"twitter:data1\" content=\"6 minutes\" \/>\n<script type=\"application\/ld+json\" class=\"yoast-schema-graph\">{\"@context\":\"https:\/\/schema.org\",\"@graph\":[{\"@type\":\"WebSite\",\"@id\":\"https:\/\/turbobit.me\/#website\",\"url\":\"https:\/\/turbobit.me\/\",\"name\":\"Turbobit\",\"description\":\"\",\"potentialAction\":[{\"@type\":\"SearchAction\",\"target\":{\"@type\":\"EntryPoint\",\"urlTemplate\":\"https:\/\/turbobit.me\/?s={search_term_string}\"},\"query-input\":\"required name=search_term_string\"}],\"inLanguage\":\"fr-FR\"},{\"@type\":\"WebPage\",\"@id\":\"https:\/\/turbobit.me\/fr\/datenschutz\/#webpage\",\"url\":\"https:\/\/turbobit.me\/fr\/datenschutz\/\",\"name\":\"Protection Des Donn\u00e9es - Turbobit\",\"isPartOf\":{\"@id\":\"https:\/\/turbobit.me\/#website\"},\"datePublished\":\"2019-09-05T13:08:20+00:00\",\"dateModified\":\"2019-09-05T13:19:36+00:00\",\"breadcrumb\":{\"@id\":\"https:\/\/turbobit.me\/fr\/datenschutz\/#breadcrumb\"},\"inLanguage\":\"fr-FR\",\"potentialAction\":[{\"@type\":\"ReadAction\",\"target\":[\"https:\/\/turbobit.me\/fr\/datenschutz\/\"]}]},{\"@type\":\"BreadcrumbList\",\"@id\":\"https:\/\/turbobit.me\/fr\/datenschutz\/#breadcrumb\",\"itemListElement\":[{\"@type\":\"ListItem\",\"position\":1,\"name\":\"Startseite\",\"item\":\"https:\/\/turbobit.me\/fr\/\"},{\"@type\":\"ListItem\",\"position\":2,\"name\":\"Protection Des Donn\u00e9es\"}]}]}<\/script>\n<!-- \/ Yoast SEO plugin. -->","yoast_head_json":{"title":"Protection Des Donn\u00e9es - Turbobit","robots":{"index":"noindex","follow":"nofollow"},"og_locale":"fr_FR","og_type":"article","og_title":"Protection Des Donn\u00e9es - Turbobit","og_description":"Protection Des Donn\u00e9es Les op\u00e9rateurs de ces pages prennent tr\u00e8s au s\u00e9rieux la protection de vos donn\u00e9es personnelles. Nous traitons vos donn\u00e9es personnelles de mani\u00e8re confidentielle et conform\u00e9ment aux dispositions l\u00e9gales en mati\u00e8re de protection des donn\u00e9es ainsi qu&rsquo;\u00e0 la pr\u00e9sente d\u00e9claration de protection des donn\u00e9es. En r\u00e8gle g\u00e9n\u00e9rale, notre site Web peut \u00eatre utilis\u00e9 [&hellip;]","og_url":"https:\/\/turbobit.me\/fr\/datenschutz\/","og_site_name":"Turbobit","article_modified_time":"2019-09-05T13:19:36+00:00","twitter_card":"summary","twitter_misc":{"Dur\u00e9e de lecture estim\u00e9e":"6 minutes"},"schema":{"@context":"https:\/\/schema.org","@graph":[{"@type":"WebSite","@id":"https:\/\/turbobit.me\/#website","url":"https:\/\/turbobit.me\/","name":"Turbobit","description":"","potentialAction":[{"@type":"SearchAction","target":{"@type":"EntryPoint","urlTemplate":"https:\/\/turbobit.me\/?s={search_term_string}"},"query-input":"required name=search_term_string"}],"inLanguage":"fr-FR"},{"@type":"WebPage","@id":"https:\/\/turbobit.me\/fr\/datenschutz\/#webpage","url":"https:\/\/turbobit.me\/fr\/datenschutz\/","name":"Protection Des Donn\u00e9es - Turbobit","isPartOf":{"@id":"https:\/\/turbobit.me\/#website"},"datePublished":"2019-09-05T13:08:20+00:00","dateModified":"2019-09-05T13:19:36+00:00","breadcrumb":{"@id":"https:\/\/turbobit.me\/fr\/datenschutz\/#breadcrumb"},"inLanguage":"fr-FR","potentialAction":[{"@type":"ReadAction","target":["https:\/\/turbobit.me\/fr\/datenschutz\/"]}]},{"@type":"BreadcrumbList","@id":"https:\/\/turbobit.me\/fr\/datenschutz\/#breadcrumb","itemListElement":[{"@type":"ListItem","position":1,"name":"Startseite","item":"https:\/\/turbobit.me\/fr\/"},{"@type":"ListItem","position":2,"name":"Protection Des Donn\u00e9es"}]}]}},"_links":{"self":[{"href":"https:\/\/turbobit.me\/fr\/wp-json\/wp\/v2\/pages\/290"}],"collection":[{"href":"https:\/\/turbobit.me\/fr\/wp-json\/wp\/v2\/pages"}],"about":[{"href":"https:\/\/turbobit.me\/fr\/wp-json\/wp\/v2\/types\/page"}],"author":[{"embeddable":true,"href":"https:\/\/turbobit.me\/fr\/wp-json\/wp\/v2\/users\/7"}],"replies":[{"embeddable":true,"href":"https:\/\/turbobit.me\/fr\/wp-json\/wp\/v2\/comments?post=290"}],"version-history":[{"count":3,"href":"https:\/\/turbobit.me\/fr\/wp-json\/wp\/v2\/pages\/290\/revisions"}],"predecessor-version":[{"id":308,"href":"https:\/\/turbobit.me\/fr\/wp-json\/wp\/v2\/pages\/290\/revisions\/308"}],"wp:attachment":[{"href":"https:\/\/turbobit.me\/fr\/wp-json\/wp\/v2\/media?parent=290"}],"curies":[{"name":"wp","href":"https:\/\/api.w.org\/{rel}","templated":true}]}}