{"id":291,"date":"2019-09-05T13:08:33","date_gmt":"2019-09-05T13:08:33","guid":{"rendered":"https:\/\/turbobit.me\/?page_id=291"},"modified":"2019-09-05T13:46:59","modified_gmt":"2019-09-05T13:46:59","slug":"datenschutz","status":"publish","type":"page","link":"https:\/\/turbobit.me\/tr\/datenschutz\/","title":{"rendered":"Gizlilik Politikas\u0131"},"content":{"rendered":"<p style=\"margin: 0px 0px 15px; padding: 0px; border: 0px; font-size: 14px; vertical-align: baseline; line-height: 1.71429; color: #444444; font-family: Ubuntu, Helvetica, Arial, sans-serif;\"><strong style=\"margin: 0px; padding: 0px; border: 0px; vertical-align: baseline;\">Gizlilik Politikas\u0131<br \/>\n<\/strong><\/p>\n<p style=\"margin: 0px 0px 15px; padding: 0px; border: 0px; font-size: 14px; vertical-align: baseline; line-height: 1.71429; color: #444444; font-family: Ubuntu, Helvetica, Arial, sans-serif;\">Bu sayfalar\u0131n operat\u00f6rleri ki\u015fisel verilerinizin korunmas\u0131n\u0131 \u00e7ok ciddiye almaktad\u0131r. Ki\u015fisel verilerinize gizli ve yasal veri koruma d\u00fczenlemelerine ve bu gizlilik politikas\u0131na uygun olarak davran\u0131r\u0131z.<\/p>\n<p style=\"margin: 0px 0px 15px; padding: 0px; border: 0px; font-size: 14px; vertical-align: baseline; line-height: 1.71429; color: #444444; font-family: Ubuntu, Helvetica, Arial, sans-serif;\">Web sitemizin kullan\u0131m\u0131 genellikle ki\u015fisel veriler olmadan m\u00fcmk\u00fcnd\u00fcr. Taraf\u0131m\u0131za gelince, ki\u015fisel veriler (\u00f6rne\u011fin, ad, adres veya E-Posta adresleri) y\u00fckseltilir, bu m\u00fcmk\u00fcn oldu\u011funca, her zaman freiwilliger temelinde ger\u00e7ekle\u015fir. Bu veriler, sizin a\u00e7\u0131k onay\u0131n\u0131z olmadan \u00fc\u00e7\u00fcnc\u00fc \u015fah\u0131slara if\u015fa edilmeyecektir.<\/p>\n<p style=\"margin: 0px 0px 15px; padding: 0px; border: 0px; font-size: 14px; vertical-align: baseline; line-height: 1.71429; color: #444444; font-family: Ubuntu, Helvetica, Arial, sans-serif;\">\u0130nternet \u00fczerinden veri iletiminin (\u00f6rne\u011fin, e-posta ile ileti\u015fim kurarken) g\u00fcvenlik a\u00e7\u0131klar\u0131 olabilece\u011fini l\u00fctfen unutmay\u0131n. Verilerin \u00fc\u00e7\u00fcnc\u00fc \u015fah\u0131slar\u0131n eri\u015fiminden tamamen korunmas\u0131 m\u00fcmk\u00fcn de\u011fildir.<\/p>\n<p style=\"margin: 0px 0px 15px; padding: 0px; border: 0px; font-size: 14px; vertical-align: baseline; line-height: 1.71429; color: #444444; font-family: Ubuntu, Helvetica, Arial, sans-serif;\"><strong style=\"margin: 0px; padding: 0px; border: 0px; vertical-align: baseline;\">Facebook eklentilerinin kullan\u0131m\u0131 i\u00e7in Gizlilik Politikas\u0131 (Like-Button)<br \/>\n<\/strong><\/p>\n<p style=\"margin: 0px 0px 15px; padding: 0px; border: 0px; font-size: 14px; vertical-align: baseline; line-height: 1.71429; color: #444444; font-family: Ubuntu, Helvetica, Arial, sans-serif;\">Sayfalar\u0131m\u0131zda sosyal a\u011f Facebook eklentileri, sa\u011flay\u0131c\u0131 Facebook Inc., 1 Hacker Way, Menlo Park, California 94025, ABD entegre edilmi\u015ftir. Facebook eklentileri sitemizdeki Facebook logosu veya &#8220;Like-Button&#8221; (&#8220;Like&#8221;) ile tan\u0131nabilir. Facebook eklentilerine genel bir bak\u0131\u015f burada bulunabilir: <a style=\"margin: 0px; padding: 0px; border: 0px; vertical-align: baseline; outline: 0px; color: #00a1e0; text-decoration-line: none;\" href=\"http:\/\/developers.facebook.com\/docs\/plugins\/\">http:\/\/developers.facebook.com\/docs\/plugins\/<\/a>.<\/p>\n<p style=\"margin: 0px 0px 15px; padding: 0px; border: 0px; font-size: 14px; vertical-align: baseline; line-height: 1.71429; color: #444444; font-family: Ubuntu, Helvetica, Arial, sans-serif;\">Sayfalar\u0131m\u0131z\u0131 ziyaret etti\u011finizde, eklenti taray\u0131c\u0131n\u0131z ile Facebook sunucusu aras\u0131nda do\u011frudan bir ba\u011flant\u0131 kurar. Facebook sitemizi ziyaret etti\u011finiz bilgileri IP adresiniz ile almaktad\u0131r. Facebook hesab\u0131n\u0131za giri\u015f yaparken Facebook &#8220;Like-Button&#8221; d\u00fc\u011fmesine t\u0131klarsan\u0131z, sayfalar\u0131m\u0131z\u0131n i\u00e7eri\u011fini Facebook profilinize ba\u011flayabilirsiniz. Sonu\u00e7 olarak, Facebook sayfalar\u0131m\u0131z\u0131 ziyareti kullan\u0131c\u0131 hesab\u0131n\u0131za atayabilir. Sayfalar\u0131n sa\u011flay\u0131c\u0131s\u0131 olarak, iletilen verilerin i\u00e7eri\u011finin ve Facebook taraf\u0131ndan kullan\u0131lmas\u0131n\u0131n fark\u0131nda olmad\u0131\u011f\u0131m\u0131z\u0131 belirtiyoruz. Daha fazla bilgi adresindeki Facebook gizlilik politikas\u0131nda bulunabilir <a style=\"margin: 0px; padding: 0px; border: 0px; vertical-align: baseline; outline: 0px; color: #00a1e0; text-decoration-line: none;\" href=\"http:\/\/de-de.facebook.com\/policy.php\">http:\/\/de-de.facebook.com\/policy.php<\/a>.<\/p>\n<p style=\"margin: 0px 0px 15px; padding: 0px; border: 0px; font-size: 14px; vertical-align: baseline; line-height: 1.71429; color: #444444; font-family: Ubuntu, Helvetica, Arial, sans-serif;\">Facebook&#8217;un ziyaretinizi Facebook kullan\u0131c\u0131 hesab\u0131n\u0131zla sayfalar\u0131m\u0131zla ili\u015fkilendirmesini istemiyorsan\u0131z, l\u00fctfen Facebook kullan\u0131c\u0131 hesab\u0131n\u0131zdan \u00e7\u0131k\u0131n.<\/p>\n<p style=\"margin: 0px 0px 15px; padding: 0px; border: 0px; font-size: 14px; vertical-align: baseline; line-height: 1.71429; color: #444444; font-family: Ubuntu, Helvetica, Arial, sans-serif;\"><strong style=\"margin: 0px; padding: 0px; border: 0px; vertical-align: baseline;\">Google Analytics\u2019in kullan\u0131m\u0131na ili\u015fkin Gizlilik Politikas\u0131<br \/>\n<\/strong><\/p>\n<p style=\"margin: 0px 0px 15px; padding: 0px; border: 0px; font-size: 14px; vertical-align: baseline; line-height: 1.71429; color: #444444; font-family: Ubuntu, Helvetica, Arial, sans-serif;\">Bu web sitesi, web analytics servisi Google Analytics\u2019in i\u015flevlerini kullan\u0131r. Sa\u011flay\u0131c\u0131 Google Inc. 1600 Amfitiyatro Parkway Mountain View, CA 94043, ABD&#8217;dir. Google Analytics, &#8220;\u00e7erezler&#8221; olarak adland\u0131r\u0131lanlar\u0131 kullan\u0131r. Bunlar, bilgisayar\u0131n\u0131zda depolanan ve web sitenizin kullan\u0131m\u0131n\u0131n bir analizini sa\u011flayan metin dosyalar\u0131d\u0131r. Bu web sitesini kullanman\u0131zla ilgili \u00e7erez taraf\u0131ndan olu\u015fturulan bilgiler genellikle ABD\u2019deki bir Google sunucusuna iletilir ve orada saklan\u0131r.<\/p>\n<p style=\"margin: 0px 0px 15px; padding: 0px; border: 0px; font-size: 14px; vertical-align: baseline; line-height: 1.71429; color: #444444; font-family: Ubuntu, Helvetica, Arial, sans-serif;\">Bununla birlikte, bu web sitesinde IP gizlili\u011fi etkinle\u015ftirilmi\u015fse, IP adresiniz Google taraf\u0131ndan Avrupa Birli\u011fi \u00fcyesi devletler veya Avrupa Ekonomik B\u00f6lgesi Anla\u015fmas\u0131n\u0131n di\u011fer s\u00f6zle\u015fmeli \u00fclkeleri aras\u0131nda \u00f6nceden kesilecektir. Yaln\u0131zca istisnai durumlarda, tam IP adresi ABD\u2019deki bir Google sunucusuna g\u00f6nderilir ve orada k\u0131salt\u0131l\u0131r. Bu web sitesinin operat\u00f6r\u00fc ad\u0131na, Google bu bilgileri, web sitenizi kullan\u0131m\u0131n\u0131z\u0131 de\u011ferlendirmek, web sitesi aktivitesi hakk\u0131nda raporlar haz\u0131rlamak ve web sitesi aktivitesi ve internet kullan\u0131m\u0131 ile ilgili di\u011fer hizmetleri web sitesi operat\u00f6r\u00fcne sunmak i\u00e7in kullanacakt\u0131r. Google Analytics\u2019in Google Analytics\u2019in bir par\u00e7as\u0131 olarak sa\u011flad\u0131\u011f\u0131 IP adresi di\u011fer Google bilgileriyle birle\u015ftirilmez.<\/p>\n<p style=\"margin: 0px 0px 15px; padding: 0px; border: 0px; font-size: 14px; vertical-align: baseline; line-height: 1.71429; color: #444444; font-family: Ubuntu, Helvetica, Arial, sans-serif;\">Tan\u0131mlama bilgilerinin kaydedilmesini, taray\u0131c\u0131 yaz\u0131l\u0131m\u0131n\u0131z\u0131n ilgili bir ayar\u0131 ile \u00f6nleyebilirsiniz; Ancak, bu durumda, bu web sitesinin t\u00fcm i\u015flevlerini tam olarak kullanamayabilece\u011finizi belirtiyoruz. Ayr\u0131ca, \u00e7erez taraf\u0131ndan olu\u015fturulan ve web sitesini kullanman\u0131zla ilgili (IP adresiniz dahil) Google\u2019\u0131n toplanmas\u0131n\u0131 ve bu verilerin Google taraf\u0131ndan i\u015flenmesini ve a\u015fa\u011f\u0131daki linkte bulunan taray\u0131c\u0131 eklentisini indirmesini \u00f6nleyebilirsiniz. ve y\u00fckle:<a style=\"margin: 0px; padding: 0px; border: 0px; vertical-align: baseline; outline: 0px; color: #00a1e0; text-decoration-line: none;\" href=\"http:\/\/tools.google.com\/dlpage\/gaoptout?hl=de\"> http:\/\/tools.google.com\/dlpage\/gaoptout?hl=de<\/a><\/p>\n<p style=\"margin: 0px 0px 15px; padding: 0px; border: 0px; font-size: 14px; vertical-align: baseline; line-height: 1.71429; color: #444444; font-family: Ubuntu, Helvetica, Arial, sans-serif;\"><strong style=\"margin: 0px; padding: 0px; border: 0px; vertical-align: baseline;\">Google + 1\u2019in kullan\u0131m\u0131 i\u00e7in Gizlilik Politikas\u0131<br \/>\n<\/strong><\/p>\n<p style=\"margin: 0px 0px 15px; padding: 0px; border: 0px; font-size: 14px; vertical-align: baseline; line-height: 1.71429; color: #444444; font-family: Ubuntu, Helvetica, Arial, sans-serif;\">Sitelerimiz Google + 1&#8217;in \u00f6zelliklerini kullan\u0131yor. Sa\u011flay\u0131c\u0131 Google Inc. 1600 Amfitiyatro Parkway Mountain View, CA 94043, ABD&#8217;dir.<\/p>\n<p style=\"margin: 0px 0px 15px; padding: 0px; border: 0px; font-size: 14px; vertical-align: baseline; line-height: 1.71429; color: #444444; font-family: Ubuntu, Helvetica, Arial, sans-serif;\">Bilgi toplama ve payla\u015fma: D\u00fcnya \u00e7ap\u0131nda bilgi g\u00f6ndermek i\u00e7in Google + 1 d\u00fc\u011fmesini kullan\u0131n. Google + 1 d\u00fc\u011fmesi, siz ve di\u011fer kullan\u0131c\u0131lar\u0131n Google\u2019dan ve ortaklar\u0131m\u0131zdan ki\u015fiselle\u015ftirilmi\u015f i\u00e7erik almas\u0131n\u0131 sa\u011flar. Google, bir i\u00e7erik i\u00e7in + 1&#8217;ledi\u011finiz bilgileri ve +1&#8217;i t\u0131klad\u0131\u011f\u0131n\u0131zda g\u00f6r\u00fcnt\u00fcledi\u011finiz sayfa hakk\u0131ndaki bilgileri saklar. + 1&#8217;leriniz, arama adlar\u0131n\u0131z veya Google profiliniz gibi Google hizmetlerindeki profil ad\u0131n\u0131z ve foto\u011fraf\u0131n\u0131zla birlikte veya web\u2019deki web sitelerinde ve reklamlarda ba\u015fka yerlerde ipucu olarak g\u00f6r\u00fcnebilir. Google, sizin ve di\u011ferlerinin Google hizmetlerini iyile\u015ftirmek i\u00e7in +1 etkinlikleriniz hakk\u0131ndaki bilgileri kaydeder. Google + 1 d\u00fc\u011fmesini kullanmak i\u00e7in, en az\u0131ndan profil i\u00e7in se\u00e7ilen ada sahip, genel olarak g\u00f6r\u00fcn\u00fcr, herkese a\u00e7\u0131k bir Google profiline ihtiyac\u0131n\u0131z olacak. Bu ad t\u00fcm Google hizmetlerinde kullan\u0131lacak. Baz\u0131 durumlarda, bu ad, Google Hesab\u0131n\u0131z \u00fczerinden i\u00e7erik payla\u015f\u0131rken kulland\u0131\u011f\u0131n\u0131z farkl\u0131 bir ad\u0131n yerini alabilir. Google Profilinizin kimli\u011fi, e-posta adresinizi bilen veya sizden ba\u015fka tan\u0131mlay\u0131c\u0131 bilgileri olan kullan\u0131c\u0131lara g\u00f6sterilebilir.<\/p>\n<p style=\"margin: 0px 0px 15px; padding: 0px; border: 0px; font-size: 14px; vertical-align: baseline; line-height: 1.71429; color: #444444; font-family: Ubuntu, Helvetica, Arial, sans-serif;\">Toplanan Bilgilerin Kullan\u0131m\u0131: Yukar\u0131da belirtilen ama\u00e7lara ek olarak, verdi\u011finiz bilgiler ge\u00e7erli Google gizlilik politikalar\u0131na uygun olarak kullan\u0131lacakt\u0131r. Google, kullan\u0131c\u0131lar\u0131n + 1 etkinli\u011fi hakk\u0131nda \u00f6zetlenmi\u015f istatistikler yay\u0131nlayabilir veya bunu yay\u0131nc\u0131lar, reklamverenler veya ba\u011fl\u0131 kurulu\u015f web siteleri gibi kullan\u0131c\u0131larla ve ortaklarla payla\u015fabilir.<\/p>\n<p style=\"margin: 0px 0px 15px; padding: 0px; border: 0px; font-size: 14px; vertical-align: baseline; line-height: 1.71429; color: #444444; font-family: Ubuntu, Helvetica, Arial, sans-serif;\"><strong style=\"margin: 0px; padding: 0px; border: 0px; vertical-align: baseline;\">Twitter kullan\u0131m\u0131 i\u00e7in Gizlilik Politikas\u0131<br \/>\n<\/strong><\/p>\n<p style=\"margin: 0px 0px 15px; padding: 0px; border: 0px; font-size: 14px; vertical-align: baseline; line-height: 1.71429; color: #444444; font-family: Ubuntu, Helvetica, Arial, sans-serif;\">Sayfalar\u0131m\u0131zda Twitter servisinin fonksiyonlar\u0131 yer almaktad\u0131r. Bu \u00f6zellikler Twitter Inc., 1355 Market Street, Suite 900, San Francisco, CA 94103, ABD \u00fczerinden temin edilebilir. Twitter ve &#8220;Yeniden Tweetle&#8221; \u00f6zelli\u011fini kullanarak, ziyaret etti\u011finiz web sayfalar\u0131 Twitter hesab\u0131n\u0131za ba\u011flanacak ve di\u011fer kullan\u0131c\u0131larla payla\u015f\u0131lacakt\u0131r. Bu veri Twitter&#8217;a da iletilir. Sayfalar\u0131n sa\u011flay\u0131c\u0131s\u0131 olarak, iletilen verilerin i\u00e7eri\u011finden ve Twitter taraf\u0131ndan kullan\u0131mlar\u0131ndan haberdar olmad\u0131\u011f\u0131m\u0131z\u0131 belirtiyoruz. Daha fazla bilgi i\u00e7in Twitter\u2019\u0131n gizlilik politikas\u0131na bak\u0131n <a style=\"margin: 0px; padding: 0px; border: 0px; vertical-align: baseline; outline: 0px; color: #00a1e0; text-decoration-line: none;\" href=\"http:\/\/twitter.com\/privacy\">http:\/\/twitter.com\/privacy<\/a>.<\/p>\n<p style=\"margin: 0px 0px 15px; padding: 0px; border: 0px; font-size: 14px; vertical-align: baseline; line-height: 1.71429; color: #444444; font-family: Ubuntu, Helvetica, Arial, sans-serif;\">Twitter&#8217;daki gizlilik ayarlar\u0131n\u0131z\u0131 <a style=\"margin: 0px; padding: 0px; border: 0px; vertical-align: baseline; outline: 0px; color: #00a1e0; text-decoration-line: none;\" href=\"http:\/\/twitter.com\/account\/settings\">http:\/\/twitter.com\/account\/settings<\/a> adresindeki Hesap Ayarlar\u0131 b\u00f6l\u00fcm\u00fcnden de\u011fi\u015ftirebilirsiniz.<\/p>\n","protected":false},"excerpt":{"rendered":"<p>Gizlilik Politikas\u0131 Bu sayfalar\u0131n operat\u00f6rleri ki\u015fisel verilerinizin korunmas\u0131n\u0131 \u00e7ok ciddiye almaktad\u0131r. Ki\u015fisel verilerinize gizli ve yasal veri koruma d\u00fczenlemelerine ve bu gizlilik politikas\u0131na uygun olarak davran\u0131r\u0131z. Web sitemizin kullan\u0131m\u0131 genellikle ki\u015fisel veriler olmadan m\u00fcmk\u00fcnd\u00fcr. Taraf\u0131m\u0131za gelince, ki\u015fisel veriler (\u00f6rne\u011fin, ad, adres veya E-Posta adresleri) y\u00fckseltilir, bu m\u00fcmk\u00fcn oldu\u011funca, her zaman freiwilliger temelinde ger\u00e7ekle\u015fir. Bu veriler, [&hellip;]<\/p>\n","protected":false},"author":7,"featured_media":0,"parent":0,"menu_order":0,"comment_status":"closed","ping_status":"closed","template":"","meta":[],"yoast_head":"<!-- This site is optimized with the Yoast SEO plugin v18.3 - https:\/\/yoast.com\/wordpress\/plugins\/seo\/ -->\n<title>Gizlilik Politikas\u0131 - Turbobit<\/title>\n<meta name=\"robots\" content=\"noindex, nofollow\" \/>\n<meta property=\"og:locale\" content=\"tr_TR\" \/>\n<meta property=\"og:type\" content=\"article\" \/>\n<meta property=\"og:title\" content=\"Gizlilik Politikas\u0131 - Turbobit\" \/>\n<meta property=\"og:description\" content=\"Gizlilik Politikas\u0131 Bu sayfalar\u0131n operat\u00f6rleri ki\u015fisel verilerinizin korunmas\u0131n\u0131 \u00e7ok ciddiye almaktad\u0131r. Ki\u015fisel verilerinize gizli ve yasal veri koruma d\u00fczenlemelerine ve bu gizlilik politikas\u0131na uygun olarak davran\u0131r\u0131z. Web sitemizin kullan\u0131m\u0131 genellikle ki\u015fisel veriler olmadan m\u00fcmk\u00fcnd\u00fcr. Taraf\u0131m\u0131za gelince, ki\u015fisel veriler (\u00f6rne\u011fin, ad, adres veya E-Posta adresleri) y\u00fckseltilir, bu m\u00fcmk\u00fcn oldu\u011funca, her zaman freiwilliger temelinde ger\u00e7ekle\u015fir. Bu veriler, [&hellip;]\" \/>\n<meta property=\"og:url\" content=\"https:\/\/turbobit.me\/tr\/datenschutz\/\" \/>\n<meta property=\"og:site_name\" content=\"Turbobit\" \/>\n<meta property=\"article:modified_time\" content=\"2019-09-05T13:46:59+00:00\" \/>\n<meta name=\"twitter:card\" content=\"summary\" \/>\n<meta name=\"twitter:label1\" content=\"Tahmini okuma s\u00fcresi\" \/>\n\t<meta name=\"twitter:data1\" content=\"5 dakika\" \/>\n<script type=\"application\/ld+json\" class=\"yoast-schema-graph\">{\"@context\":\"https:\/\/schema.org\",\"@graph\":[{\"@type\":\"WebSite\",\"@id\":\"https:\/\/turbobit.me\/#website\",\"url\":\"https:\/\/turbobit.me\/\",\"name\":\"Turbobit\",\"description\":\"\",\"potentialAction\":[{\"@type\":\"SearchAction\",\"target\":{\"@type\":\"EntryPoint\",\"urlTemplate\":\"https:\/\/turbobit.me\/?s={search_term_string}\"},\"query-input\":\"required name=search_term_string\"}],\"inLanguage\":\"tr\"},{\"@type\":\"WebPage\",\"@id\":\"https:\/\/turbobit.me\/tr\/datenschutz\/#webpage\",\"url\":\"https:\/\/turbobit.me\/tr\/datenschutz\/\",\"name\":\"Gizlilik Politikas\u0131 - Turbobit\",\"isPartOf\":{\"@id\":\"https:\/\/turbobit.me\/#website\"},\"datePublished\":\"2019-09-05T13:08:33+00:00\",\"dateModified\":\"2019-09-05T13:46:59+00:00\",\"breadcrumb\":{\"@id\":\"https:\/\/turbobit.me\/tr\/datenschutz\/#breadcrumb\"},\"inLanguage\":\"tr\",\"potentialAction\":[{\"@type\":\"ReadAction\",\"target\":[\"https:\/\/turbobit.me\/tr\/datenschutz\/\"]}]},{\"@type\":\"BreadcrumbList\",\"@id\":\"https:\/\/turbobit.me\/tr\/datenschutz\/#breadcrumb\",\"itemListElement\":[{\"@type\":\"ListItem\",\"position\":1,\"name\":\"Startseite\",\"item\":\"https:\/\/turbobit.me\/tr\/\"},{\"@type\":\"ListItem\",\"position\":2,\"name\":\"Gizlilik Politikas\u0131\"}]}]}<\/script>\n<!-- \/ Yoast SEO plugin. -->","yoast_head_json":{"title":"Gizlilik Politikas\u0131 - Turbobit","robots":{"index":"noindex","follow":"nofollow"},"og_locale":"tr_TR","og_type":"article","og_title":"Gizlilik Politikas\u0131 - Turbobit","og_description":"Gizlilik Politikas\u0131 Bu sayfalar\u0131n operat\u00f6rleri ki\u015fisel verilerinizin korunmas\u0131n\u0131 \u00e7ok ciddiye almaktad\u0131r. Ki\u015fisel verilerinize gizli ve yasal veri koruma d\u00fczenlemelerine ve bu gizlilik politikas\u0131na uygun olarak davran\u0131r\u0131z. Web sitemizin kullan\u0131m\u0131 genellikle ki\u015fisel veriler olmadan m\u00fcmk\u00fcnd\u00fcr. Taraf\u0131m\u0131za gelince, ki\u015fisel veriler (\u00f6rne\u011fin, ad, adres veya E-Posta adresleri) y\u00fckseltilir, bu m\u00fcmk\u00fcn oldu\u011funca, her zaman freiwilliger temelinde ger\u00e7ekle\u015fir. Bu veriler, [&hellip;]","og_url":"https:\/\/turbobit.me\/tr\/datenschutz\/","og_site_name":"Turbobit","article_modified_time":"2019-09-05T13:46:59+00:00","twitter_card":"summary","twitter_misc":{"Tahmini okuma s\u00fcresi":"5 dakika"},"schema":{"@context":"https:\/\/schema.org","@graph":[{"@type":"WebSite","@id":"https:\/\/turbobit.me\/#website","url":"https:\/\/turbobit.me\/","name":"Turbobit","description":"","potentialAction":[{"@type":"SearchAction","target":{"@type":"EntryPoint","urlTemplate":"https:\/\/turbobit.me\/?s={search_term_string}"},"query-input":"required name=search_term_string"}],"inLanguage":"tr"},{"@type":"WebPage","@id":"https:\/\/turbobit.me\/tr\/datenschutz\/#webpage","url":"https:\/\/turbobit.me\/tr\/datenschutz\/","name":"Gizlilik Politikas\u0131 - Turbobit","isPartOf":{"@id":"https:\/\/turbobit.me\/#website"},"datePublished":"2019-09-05T13:08:33+00:00","dateModified":"2019-09-05T13:46:59+00:00","breadcrumb":{"@id":"https:\/\/turbobit.me\/tr\/datenschutz\/#breadcrumb"},"inLanguage":"tr","potentialAction":[{"@type":"ReadAction","target":["https:\/\/turbobit.me\/tr\/datenschutz\/"]}]},{"@type":"BreadcrumbList","@id":"https:\/\/turbobit.me\/tr\/datenschutz\/#breadcrumb","itemListElement":[{"@type":"ListItem","position":1,"name":"Startseite","item":"https:\/\/turbobit.me\/tr\/"},{"@type":"ListItem","position":2,"name":"Gizlilik Politikas\u0131"}]}]}},"_links":{"self":[{"href":"https:\/\/turbobit.me\/tr\/wp-json\/wp\/v2\/pages\/291"}],"collection":[{"href":"https:\/\/turbobit.me\/tr\/wp-json\/wp\/v2\/pages"}],"about":[{"href":"https:\/\/turbobit.me\/tr\/wp-json\/wp\/v2\/types\/page"}],"author":[{"embeddable":true,"href":"https:\/\/turbobit.me\/tr\/wp-json\/wp\/v2\/users\/7"}],"replies":[{"embeddable":true,"href":"https:\/\/turbobit.me\/tr\/wp-json\/wp\/v2\/comments?post=291"}],"version-history":[{"count":3,"href":"https:\/\/turbobit.me\/tr\/wp-json\/wp\/v2\/pages\/291\/revisions"}],"predecessor-version":[{"id":318,"href":"https:\/\/turbobit.me\/tr\/wp-json\/wp\/v2\/pages\/291\/revisions\/318"}],"wp:attachment":[{"href":"https:\/\/turbobit.me\/tr\/wp-json\/wp\/v2\/media?parent=291"}],"curies":[{"name":"wp","href":"https:\/\/api.w.org\/{rel}","templated":true}]}}